{"id":4470,"date":"2023-12-04T00:40:26","date_gmt":"2023-12-03T23:40:26","guid":{"rendered":"https:\/\/www.garattonidario.com\/web\/?page_id=4470"},"modified":"2023-12-04T02:16:52","modified_gmt":"2023-12-04T01:16:52","slug":"certificazioni","status":"publish","type":"page","link":"https:\/\/www.garattonidario.com\/web\/certificazioni\/","title":{"rendered":"Certificazioni"},"content":{"rendered":"<p>[vc_row full_width=&#8221;stretch_row&#8221; full_height=&#8221;yes&#8221; css_animation=&#8221;fadeIn&#8221; css=&#8221;.vc_custom_1701646922540{margin-bottom: 75px !important;background-image: url(https:\/\/www.garattonidario.com\/web\/wp-content\/uploads\/2023\/12\/header_certificazioni.jpg?id=4456) !important;background-position: center !important;background-repeat: no-repeat !important;background-size: cover !important;}&#8221;][vc_column][vc_column_text css_animation=&#8221;fadeInLeft&#8221;]<\/p>\n<h1 style=\"text-align: center;\"><span style=\"color: #ffffff; font-size: 36pt;\">Le Nostre<\/span><br \/>\n<span style=\"color: #ffffff; font-size: 36pt;\">CERTIFICAZIONI<\/span><\/h1>\n<p>[\/vc_column_text][\/vc_column][\/vc_row][vc_row css=&#8221;.vc_custom_1484857863227{margin-bottom: 75px !important;}&#8221;][vc_column width=&#8221;1\/2&#8243;][vc_column_text css_animation=&#8221;bounceInLeft&#8221;]<\/p>\n<h2>I Test sono sempre realizzati<br \/>\nsulla misura massima garantita.<\/h2>\n<p>[\/vc_column_text][vc_column_text]<strong>Garattoni segue da sempre l\u2019evolversi delle normative<\/strong> riguardanti i vari prodotti, testandone le caratteristiche prestazionali presso l\u2019Istituto Giordano.<\/p>\n<p><strong>Le Classi di Resistenza al Vento variano<\/strong> da 0 (inferiore ) a 6 (massimo livello certificabile pari a 102 km\/h)[\/vc_column_text][\/vc_column][vc_column width=&#8221;1\/2&#8243;][vc_single_image image=&#8221;4463&#8243; img_size=&#8221;full&#8221; alignment=&#8221;center&#8221; css_animation=&#8221;fadeIn&#8221;][\/vc_column][\/vc_row][vc_row content_placement=&#8221;middle&#8221; css=&#8221;.vc_custom_1484858913795{margin-bottom: 75px !important;}&#8221;][vc_column width=&#8221;1\/2&#8243; css=&#8221;.vc_custom_1484858929720{padding-right: 35px !important;}&#8221;][vc_single_image image=&#8221;4485&#8243; img_size=&#8221;full&#8221;][\/vc_column][vc_column width=&#8221;1\/2&#8243; css=&#8221;.vc_custom_1484858943591{padding-left: 35px !important;}&#8221;][vc_empty_space height=&#8221;60px&#8221;][vc_single_image image=&#8221;4486&#8243; img_size=&#8221;full&#8221; alignment=&#8221;right&#8221;][\/vc_column][\/vc_row][vc_row content_placement=&#8221;middle&#8221; css=&#8221;.vc_custom_1484858913795{margin-bottom: 75px !important;}&#8221;][vc_column width=&#8221;1\/2&#8243; css=&#8221;.vc_custom_1484858929720{padding-right: 35px !important;}&#8221;][vc_single_image image=&#8221;4490&#8243; img_size=&#8221;full&#8221;][\/vc_column][vc_column width=&#8221;1\/2&#8243; css=&#8221;.vc_custom_1484858943591{padding-left: 35px !important;}&#8221;][vc_empty_space height=&#8221;60px&#8221;][vc_single_image image=&#8221;4491&#8243; img_size=&#8221;full&#8221; alignment=&#8221;right&#8221;][\/vc_column][\/vc_row][vc_row content_placement=&#8221;middle&#8221; css=&#8221;.vc_custom_1484858913795{margin-bottom: 75px !important;}&#8221;][vc_column width=&#8221;1\/2&#8243; css=&#8221;.vc_custom_1484858929720{padding-right: 35px !important;}&#8221;][vc_column_text]<\/p>\n<h2 style=\"text-align: center;\"><strong>Test Resistenza al Vento<br \/>\nZIPPY QUEEN<\/strong><\/h2>\n<p>[\/vc_column_text][vc_video link=&#8221;https:\/\/www.youtube.com\/watch?v=wvfp0yk7rzE&#8221; css_animation=&#8221;fadeIn&#8221;][\/vc_column][vc_column width=&#8221;1\/2&#8243; css=&#8221;.vc_custom_1484858943591{padding-left: 35px !important;}&#8221;][vc_column_text]<\/p>\n<h2 style=\"text-align: center;\"><strong>Test Resistenza al Vento<br \/>\nZIPPY XL<\/strong><\/h2>\n<p>[\/vc_column_text][vc_video link=&#8221;https:\/\/www.youtube.com\/watch?v=S0Bmge9KIJw&#8221; css_animation=&#8221;fadeIn&#8221;][\/vc_column][\/vc_row][vc_row content_placement=&#8221;middle&#8221; css=&#8221;.vc_custom_1484858913795{margin-bottom: 75px !important;}&#8221;][vc_column width=&#8221;1\/2&#8243; css=&#8221;.vc_custom_1484858929720{padding-right: 35px !important;}&#8221;][vc_column_text]<\/p>\n<h2 style=\"text-align: center;\"><strong>Test Resistenza al Vento<br \/>\nZIPPY GHOST<\/strong><\/h2>\n<p>[\/vc_column_text][vc_video link=&#8221;https:\/\/www.youtube.com\/watch?v=QhvYBiJBZsY&#8221; css_animation=&#8221;fadeIn&#8221;][\/vc_column][vc_column width=&#8221;1\/2&#8243; css=&#8221;.vc_custom_1484858943591{padding-left: 35px !important;}&#8221;][vc_column_text]<\/p>\n<h2 style=\"text-align: center;\"><strong>Test Resistenza al Vento<br \/>\nLUNA<br \/>\n<\/strong><\/h2>\n<p>[\/vc_column_text][vc_video link=&#8221;https:\/\/www.youtube.com\/watch?v=tjEdlXrpc8Q&#8221; css_animation=&#8221;fadeIn&#8221;][\/vc_column][\/vc_row][vc_row disable_element=&#8221;yes&#8221; css=&#8221;.vc_custom_1484859249034{margin-bottom: 75px !important;}&#8221;][vc_column width=&#8221;1\/2&#8243;][vc_column_text]<\/p>\n<h2>Our Products<\/h2>\n<p>[\/vc_column_text][vc_column_text]La croix blog sriracha, distillery ugh small batch retro literally coloring book disrupt iceland migas austin gochujang affogato. Edison bulb butcher wayfarers pug. Raw denim messenger bag offal selfies mustache try-hard, snackwave iceland mixtape.[\/vc_column_text][\/vc_column][vc_column width=&#8221;1\/2&#8243;][\/vc_column][\/vc_row][vc_row css=&#8221;.vc_custom_1484857886748{margin-bottom: 75px !important;}&#8221;][vc_column][vc_single_image image=&#8221;1047&#8243; img_size=&#8221;full&#8221;][vc_column_text css=&#8221;.vc_custom_1701649389267{padding-right: 23% !important;}&#8221;]<\/p>\n<h2><strong>Risparmio Energetico<\/strong><br \/>\nla lotta al surriscaldamento degli edifici<\/h2>\n<p>[\/vc_column_text][vc_column_text]A fronte del progressivo aumento del riscaldamento globale,<strong> le schermature solari costituiscono una prima efficace soluzione nella lotta contro il surriscaldamento degli edifici.<\/strong><\/p>\n<p>Secondo ES-SO, l\u2019organizzazione ombrello per l\u2019industria europea delle schermature solari, la ricerca dimostra che<strong> c\u2019\u00e8 un urgente bisogno di schermature solari automatizzate per rendere gli edifici pi\u00f9 resistenti al clima e pi\u00f9 efficienti dal punto di vista energetico<\/strong>.<\/p>\n<p>I risultati della ricerca condotta da Guidehouse mostrano che <strong>le Schermature Solari automatizzate hanno un impatto decisamente positivo sul pianeta, sulla societ\u00e0 e sulle persone.<\/strong>[\/vc_column_text][\/vc_column][\/vc_row][vc_row full_width=&#8221;stretch_row_content_no_spaces&#8221;][vc_column width=&#8221;1\/2&#8243;][vc_single_image image=&#8221;4504&#8243; img_size=&#8221;large&#8221;][\/vc_column][vc_column width=&#8221;1\/2&#8243;][vc_column_text css=&#8221;.vc_custom_1701650716977{padding-right: 5% !important;padding-left: 5% !important;}&#8221;]- <strong>Il Pianeta<\/strong>: Una strategia di riduzione di emissioni di CO2.<\/p>\n<p>&#8211; <strong>La Societ\u00e0<\/strong>: Una strategia che si basa sul risparmio energetico.<br \/>\nLe Schermature Solari possono ridurre del 60% l\u2019energia utilizzata per il raffreddamento degli edifici dell\u2019UE.<\/p>\n<p>&#8211; <strong>Le Persone<\/strong>: Una strategia efficace dal punto di vista dei costi.<br \/>\nDalla ricerca emerge che le schermature solari sono un investimento molto pi\u00f9 conveniente rispetto all\u2019utilizzo di aria condizionata.<\/p>\n<p><strong>Le Schermature solari Zippy<\/strong>, con l\u2019utilizzo di <strong>tessuti oscuranti o filtranti<\/strong>, aiutano a migliorare la qualit\u00e0 degli spazi abitati grazie ad un <strong>maggior comfort termico e visivo degli interni, e ad una riduzione della spesa energetica<\/strong>.<\/p>\n<p><strong>Filtrano e riducono le radiazioni solari<\/strong> con un\u2019efficienza che dipende da peso, spessore e colore del tessuto.<\/p>\n<p>La capacit\u00e0 del tessuto di abbattere la radiazione solare \u00e8 definita dal valore gtot .<br \/>\n<strong>Pi\u00f9 basso \u00e8 il valore gtot, maggiore sar\u00e0 l\u2019abbattimento della radiazione solare<\/strong>.<\/p>\n<p>Il fattore gtot definisce la prestazione globale d\u2019insieme data dalla combinazione di schermatura solare e vetro.<br \/>\n<strong>g schermatura + g vetro = gtot<\/strong>[\/vc_column_text][\/vc_column][\/vc_row]<\/p>\n","protected":false},"excerpt":{"rendered":"<p>[vc_row full_width=&#8221;stretch_row&#8221; full_height=&#8221;yes&#8221; css_animation=&#8221;fadeIn&#8221; css=&#8221;.vc_custom_1701646922540{margin-bottom: 75px !important;background-image: url(https:\/\/www.garattonidario.com\/web\/wp-content\/uploads\/2023\/12\/header_certificazioni.jpg?id=4456) !important;background-position: center !important;background-repeat: no-repeat !important;background-size: cover !important;}&#8221;][vc_column][vc_column_text css_animation=&#8221;fadeInLeft&#8221;] Le Nostre CERTIFICAZIONI [\/vc_column_text][\/vc_column][\/vc_row][vc_row css=&#8221;.vc_custom_1484857863227{margin-bottom: 75px !important;}&#8221;][vc_column width=&#8221;1\/2&#8243;][vc_column_text css_animation=&#8221;bounceInLeft&#8221;] I Test sono sempre realizzati sulla misura massima garantita. [\/vc_column_text][vc_column_text]Garattoni segue da sempre l\u2019evolversi delle normative riguardanti i vari prodotti, testandone le caratteristiche prestazionali presso l\u2019Istituto Giordano. Le Classi di [&hellip;]<\/p>\n","protected":false},"author":1,"featured_media":0,"parent":0,"menu_order":0,"comment_status":"closed","ping_status":"closed","template":"","meta":{"footnotes":""},"class_list":["post-4470","page","type-page","status-publish","hentry"],"lang":"it","translations":{"it":4470},"pll_sync_post":[],"_links":{"self":[{"href":"https:\/\/www.garattonidario.com\/web\/wp-json\/wp\/v2\/pages\/4470","targetHints":{"allow":["GET"]}}],"collection":[{"href":"https:\/\/www.garattonidario.com\/web\/wp-json\/wp\/v2\/pages"}],"about":[{"href":"https:\/\/www.garattonidario.com\/web\/wp-json\/wp\/v2\/types\/page"}],"author":[{"embeddable":true,"href":"https:\/\/www.garattonidario.com\/web\/wp-json\/wp\/v2\/users\/1"}],"replies":[{"embeddable":true,"href":"https:\/\/www.garattonidario.com\/web\/wp-json\/wp\/v2\/comments?post=4470"}],"version-history":[{"count":38,"href":"https:\/\/www.garattonidario.com\/web\/wp-json\/wp\/v2\/pages\/4470\/revisions"}],"predecessor-version":[{"id":4513,"href":"https:\/\/www.garattonidario.com\/web\/wp-json\/wp\/v2\/pages\/4470\/revisions\/4513"}],"wp:attachment":[{"href":"https:\/\/www.garattonidario.com\/web\/wp-json\/wp\/v2\/media?parent=4470"}],"curies":[{"name":"wp","href":"https:\/\/api.w.org\/{rel}","templated":true}]}}